{"id":80,"date":"2025-09-02T05:49:48","date_gmt":"2025-09-02T05:49:48","guid":{"rendered":"https:\/\/gofly-wp.egenstheme.com\/?page_id=80"},"modified":"2026-03-15T16:42:29","modified_gmt":"2026-03-15T15:42:29","slug":"contact","status":"publish","type":"page","link":"https:\/\/turizmi.nrj-peja.al\/en\/contact\/","title":{"rendered":"Contact"},"content":{"rendered":"<div data-elementor-type=\"wp-page\" data-elementor-id=\"80\" class=\"elementor elementor-80\">\n\t\t\t\t<div class=\"elementor-element elementor-element-b081e89 e-con-full e-flex e-con e-parent\" data-id=\"b081e89\" data-element_type=\"container\" data-e-type=\"container\">\n\t\t<div class=\"elementor-element elementor-element-19cc23f e-grid e-con-boxed e-con e-child\" data-id=\"19cc23f\" data-element_type=\"container\" data-e-type=\"container\">\n\t\t\t\t\t<div class=\"e-con-inner\">\n\t\t\t\t<div class=\"elementor-element elementor-element-0957573 elementor-widget elementor-widget-gofly_contact\" data-id=\"0957573\" data-element_type=\"widget\" data-e-type=\"widget\" data-widget_type=\"gofly_contact.default\">\n\t\t\t\t<div class=\"elementor-widget-container\">\n\t\t\t\t\t        <div class=\"contact-page\">\n\n                            <div class=\"single-contact\">\n                    <div class=\"icon\">\n                        <svg xmlns=\"http:\/\/www.w3.org\/2000\/svg\" width=\"36\" height=\"36\" viewbox=\"0 0 36 36\"><path d=\"M17.9981 1.125C15.0037 1.12887 12.133 2.32012 10.0156 4.4375C7.89824 6.55489 6.70699 9.42557 6.70313 12.42C6.70312 16.2056 10.7587 22.2638 13.92 26.4037C9.99937 27.0562 7.51875 28.6087 7.51875 30.4706C7.51875 32.9794 12.0244 34.875 17.9981 34.875C23.9719 34.875 28.4831 32.9794 28.4831 30.4706C28.4831 28.6087 26.0025 27.0562 22.0762 26.4037C25.2375 22.2581 29.2931 16.2056 29.2931 12.42C29.2893 9.42557 28.098 6.55489 25.9806 4.4375C23.8632 2.32012 20.9926 1.12887 17.9981 1.125ZM17.9981 29.6663C16.0237 27.3488 7.82812 17.415 7.82812 12.42C7.82812 9.72275 8.8996 7.13597 10.8068 5.22872C12.7141 3.32148 15.3009 2.25 17.9981 2.25C20.6954 2.25 23.2822 3.32148 25.1894 5.22872C27.0966 7.13597 28.1681 9.72275 28.1681 12.42C28.1681 17.415 19.9725 27.3488 17.9981 29.6663Z\"><\/path><path d=\"M17.9966 18.1294C21.4853 18.1294 24.3134 15.3012 24.3134 11.8125C24.3134 8.3238 21.4853 5.49564 17.9966 5.49564C14.5078 5.49564 11.6797 8.3238 11.6797 11.8125C11.6797 15.3012 14.5078 18.1294 17.9966 18.1294Z\"><\/path><\/svg>                    <\/div>\n                    <h4>Kosovo<\/h4>\n                    <h6><span>Kontakt:<\/span> <a href=\"tel: +38349711009\">+ (383)49711009<\/a><\/h6>\n                    <p>Rr.Adem Jashari, \n30000 Pej\u00eb, \nKosov\u00eb<\/p>\n                <\/div>\n            \n            \n        <\/div>\n\n\t\t\t\t<\/div>\n\t\t\t\t<\/div>\n\t\t\t\t<div class=\"elementor-element elementor-element-63e7621 elementor-widget elementor-widget-gofly_contact\" data-id=\"63e7621\" data-element_type=\"widget\" data-e-type=\"widget\" data-widget_type=\"gofly_contact.default\">\n\t\t\t\t<div class=\"elementor-widget-container\">\n\t\t\t\t\t        <div class=\"contact-page\">\n\n                            <div class=\"single-contact\">\n                    <div class=\"icon\">\n                        <svg xmlns=\"http:\/\/www.w3.org\/2000\/svg\" width=\"36\" height=\"36\" viewbox=\"0 0 36 36\"><path d=\"M17.9981 1.125C15.0037 1.12887 12.133 2.32012 10.0156 4.4375C7.89824 6.55489 6.70699 9.42557 6.70313 12.42C6.70312 16.2056 10.7587 22.2638 13.92 26.4037C9.99937 27.0562 7.51875 28.6087 7.51875 30.4706C7.51875 32.9794 12.0244 34.875 17.9981 34.875C23.9719 34.875 28.4831 32.9794 28.4831 30.4706C28.4831 28.6087 26.0025 27.0562 22.0762 26.4037C25.2375 22.2581 29.2931 16.2056 29.2931 12.42C29.2893 9.42557 28.098 6.55489 25.9806 4.4375C23.8632 2.32012 20.9926 1.12887 17.9981 1.125ZM17.9981 29.6663C16.0237 27.3488 7.82812 17.415 7.82812 12.42C7.82812 9.72275 8.8996 7.13597 10.8068 5.22872C12.7141 3.32148 15.3009 2.25 17.9981 2.25C20.6954 2.25 23.2822 3.32148 25.1894 5.22872C27.0966 7.13597 28.1681 9.72275 28.1681 12.42C28.1681 17.415 19.9725 27.3488 17.9981 29.6663Z\"><\/path><path d=\"M17.9966 18.1294C21.4853 18.1294 24.3134 15.3012 24.3134 11.8125C24.3134 8.3238 21.4853 5.49564 17.9966 5.49564C14.5078 5.49564 11.6797 8.3238 11.6797 11.8125C11.6797 15.3012 14.5078 18.1294 17.9966 18.1294Z\"><\/path><\/svg>                    <\/div>\n                    <h4>Germany<\/h4>\n                    <h6><span>Kontakt:<\/span> <a href=\"tel:+49\">+49<\/a><\/h6>\n                    <p>Office No. 1203, 12th Floor, Bay Tower, Al Abraj Street, Business Bay, Dubai, UAE<\/p>\n                <\/div>\n            \n            \n        <\/div>\n\n\t\t\t\t<\/div>\n\t\t\t\t<\/div>\n\t\t\t\t<div class=\"elementor-element elementor-element-81afd82 elementor-widget elementor-widget-gofly_contact\" data-id=\"81afd82\" data-element_type=\"widget\" data-e-type=\"widget\" data-widget_type=\"gofly_contact.default\">\n\t\t\t\t<div class=\"elementor-widget-container\">\n\t\t\t\t\t        <div class=\"contact-page\">\n\n                            <div class=\"single-contact\">\n                    <div class=\"icon\">\n                        <svg xmlns=\"http:\/\/www.w3.org\/2000\/svg\" width=\"36\" height=\"36\" viewbox=\"0 0 36 36\"><path d=\"M17.9981 1.125C15.0037 1.12887 12.133 2.32012 10.0156 4.4375C7.89824 6.55489 6.70699 9.42557 6.70313 12.42C6.70312 16.2056 10.7587 22.2638 13.92 26.4037C9.99937 27.0562 7.51875 28.6087 7.51875 30.4706C7.51875 32.9794 12.0244 34.875 17.9981 34.875C23.9719 34.875 28.4831 32.9794 28.4831 30.4706C28.4831 28.6087 26.0025 27.0562 22.0762 26.4037C25.2375 22.2581 29.2931 16.2056 29.2931 12.42C29.2893 9.42557 28.098 6.55489 25.9806 4.4375C23.8632 2.32012 20.9926 1.12887 17.9981 1.125ZM17.9981 29.6663C16.0237 27.3488 7.82812 17.415 7.82812 12.42C7.82812 9.72275 8.8996 7.13597 10.8068 5.22872C12.7141 3.32148 15.3009 2.25 17.9981 2.25C20.6954 2.25 23.2822 3.32148 25.1894 5.22872C27.0966 7.13597 28.1681 9.72275 28.1681 12.42C28.1681 17.415 19.9725 27.3488 17.9981 29.6663Z\"><\/path><path d=\"M17.9966 18.1294C21.4853 18.1294 24.3134 15.3012 24.3134 11.8125C24.3134 8.3238 21.4853 5.49564 17.9966 5.49564C14.5078 5.49564 11.6797 8.3238 11.6797 11.8125C11.6797 15.3012 14.5078 18.1294 17.9966 18.1294Z\"><\/path><\/svg>                    <\/div>\n                    <h4>Gros Bretain<\/h4>\n                    <h6><span>Contact:<\/span> <a href=\"tel: +44 20 7946 1234\"> +44 20 7946 1234<\/a><\/h6>\n                    <p>3rd Floor, 15 Bedford Street Covent Garden, London, WC2E 9HE, UK<\/p>\n                <\/div>\n            \n            \n        <\/div>\n\n\t\t\t\t<\/div>\n\t\t\t\t<\/div>\n\t\t\t\t\t<\/div>\n\t\t\t\t<\/div>\n\t\t\t\t<div class=\"elementor-element elementor-element-4faa257 elementor-absolute elementor-hidden-tablet elementor-hidden-mobile elementor-widget elementor-widget-image\" data-id=\"4faa257\" data-element_type=\"widget\" data-e-type=\"widget\" data-settings=\"{&quot;_position&quot;:&quot;absolute&quot;}\" data-widget_type=\"image.default\">\n\t\t\t\t\t\t\t\t\t\t\t\t\t\t\t<img fetchpriority=\"high\" decoding=\"async\" width=\"840\" height=\"1024\" src=\"https:\/\/turizmi.nrj-peja.al\/wp-content\/uploads\/2025\/10\/contact-page-vector1-1.svg\" class=\"attachment-large size-large wp-image-7544\" alt=\"\" \/>\t\t\t\t\t\t\t\t\t\t\t\t\t\t\t<\/div>\n\t\t\t\t<div class=\"elementor-element elementor-element-5e4f88f elementor-absolute vector2 elementor-hidden-tablet elementor-hidden-mobile elementor-widget elementor-widget-image\" data-id=\"5e4f88f\" data-element_type=\"widget\" data-e-type=\"widget\" data-settings=\"{&quot;_position&quot;:&quot;absolute&quot;}\" data-widget_type=\"image.default\">\n\t\t\t\t\t\t\t\t\t\t\t\t\t\t\t<img decoding=\"async\" width=\"1024\" height=\"819\" src=\"https:\/\/turizmi.nrj-peja.al\/wp-content\/uploads\/2025\/10\/home3-travel-package-vector1-1.svg\" class=\"attachment-large size-large wp-image-6626\" alt=\"\" \/>\t\t\t\t\t\t\t\t\t\t\t\t\t\t\t<\/div>\n\t\t\t\t<\/div>\n\t\t<div class=\"elementor-element elementor-element-6efc536 e-flex e-con-boxed e-con e-parent\" data-id=\"6efc536\" data-element_type=\"container\" data-e-type=\"container\">\n\t\t\t\t\t<div class=\"e-con-inner\">\n\t\t\t\t<div class=\"elementor-element elementor-element-905f106 elementor-widget__width-initial elementor-widget-mobile__width-initial elementor-widget elementor-widget-gofly_contact\" data-id=\"905f106\" data-element_type=\"widget\" data-e-type=\"widget\" data-widget_type=\"gofly_contact.default\">\n\t\t\t\t<div class=\"elementor-widget-container\">\n\t\t\t\t\t        <div class=\"contact-page\">\n\n            \n                            <div class=\"contact-form\">\n                    <div class=\"contact-form-wrap\">\n                        <div class=\"section-title text-center mb-60\">\n                            <h2>Na Kontaktoni!<\/h2>\n                            <p>Jemi t\u00eb emocionuar t\u00eb d\u00ebgjojm\u00eb nga ju! N\u00ebse keni ndonj\u00eb pyetje n\u00eb lidhje me sh\u00ebrbimet tona, d\u00ebshironi t\u00eb diskutojm\u00eb nj\u00eb projekt t\u00eb ri.<\/p>\n                        <\/div>\n                        \n<div class=\"wpcf7 no-js\" id=\"wpcf7-f133-o1\" lang=\"en-US\" dir=\"ltr\" data-wpcf7-id=\"133\">\n<div class=\"screen-reader-response\"><p role=\"status\" aria-live=\"polite\" aria-atomic=\"true\"><\/p> <ul><\/ul><\/div>\n<form action=\"\/en\/wp-json\/wp\/v2\/pages\/80#wpcf7-f133-o1\" method=\"post\" class=\"wpcf7-form init\" aria-label=\"Contact form\" novalidate=\"novalidate\" data-status=\"init\" data-trp-original-action=\"\/en\/wp-json\/wp\/v2\/pages\/80#wpcf7-f133-o1\">\n<fieldset class=\"hidden-fields-container\"><input type=\"hidden\" name=\"_wpcf7\" value=\"133\" \/><input type=\"hidden\" name=\"_wpcf7_version\" value=\"6.1.5\" \/><input type=\"hidden\" name=\"_wpcf7_locale\" value=\"en_US\" \/><input type=\"hidden\" name=\"_wpcf7_unit_tag\" value=\"wpcf7-f133-o1\" \/><input type=\"hidden\" name=\"_wpcf7_container_post\" value=\"0\" \/><input type=\"hidden\" name=\"_wpcf7_posted_data_hash\" value=\"\" \/>\n<\/fieldset>\n<div class=\"row g-4 mb-60\">\n    <div class=\"col-md-6\">\n        <div class=\"form-inner\">\n            <label>Full Name<\/label>\n            <span class=\"wpcf7-form-control-wrap\" data-name=\"fname\"><input size=\"40\" maxlength=\"400\" class=\"wpcf7-form-control wpcf7-text\" aria-invalid=\"false\" placeholder=\"Wasington Mongla\" value=\"\" type=\"text\" name=\"fname\" \/><\/span>\n        <\/div>\n    <\/div>\n    <div class=\"col-md-6\">\n        <div class=\"form-inner\">\n            <label>Email Address<\/label>\n            <span class=\"wpcf7-form-control-wrap\" data-name=\"email-adr\"><input size=\"40\" maxlength=\"400\" class=\"wpcf7-form-control wpcf7-email wpcf7-validates-as-required wpcf7-text wpcf7-validates-as-email\" aria-required=\"true\" aria-invalid=\"false\" placeholder=\"info@example.com\" value=\"\" type=\"email\" name=\"email-adr\" \/><\/span>\n        <\/div>\n    <\/div>\n    <div class=\"col-md-6\">\n        <div class=\"form-inner\">\n            <label>Phone Number<\/label>\n            <span class=\"wpcf7-form-control-wrap\" data-name=\"phn-number\"><input size=\"40\" maxlength=\"400\" class=\"wpcf7-form-control wpcf7-text wpcf7-validates-as-required\" aria-required=\"true\" aria-invalid=\"false\" placeholder=\"+92 567 *** ***\" value=\"\" type=\"text\" name=\"phn-number\" \/><\/span>\n        <\/div>\n    <\/div>\n    <div class=\"col-md-6\">\n        <div class=\"form-inner\">\n            <label>Where are you going?<\/label>\n            <span class=\"wpcf7-form-control-wrap\" data-name=\"your-country\"><select class=\"wpcf7-form-control wpcf7-select\" aria-invalid=\"false\" name=\"your-country\"><option value=\"Maldives\">Maldives<\/option><option value=\"France\">France<\/option><option value=\"United States\">United States<\/option><option value=\"Thailand\">Thailand<\/option><\/select><\/span>\n        <\/div>\n    <\/div>\n    <div class=\"col-md-12\">\n        <div class=\"form-inner\">\n            <label>Brief\/Message<\/label>\n            <span class=\"wpcf7-form-control-wrap\" data-name=\"brief\"><textarea cols=\"40\" rows=\"10\" maxlength=\"2000\" class=\"wpcf7-form-control wpcf7-textarea\" aria-invalid=\"false\" placeholder=\"Write somethings about inquiry\" name=\"brief\"><\/textarea><\/span>\n        <\/div>\n    <\/div>\n    <div class=\"col-md-12\">\n        <div class=\"form-inner2\">\n            <span class=\"wpcf7-form-control-wrap\" data-name=\"checkbox-917\"><span class=\"wpcf7-form-control wpcf7-checkbox wpcf7-validates-as-required form-check-input\"><span class=\"wpcf7-list-item first last\"><label><input type=\"checkbox\" name=\"checkbox-917[]\" value=\"I will agree with yours privacy policy &amp; terms &amp; conditions.\" \/><span class=\"wpcf7-list-item-label\">I will agree with yours privacy policy &amp; terms &amp; conditions.<\/span><\/label><\/span><\/span><\/span>\n        <\/div>\n    <\/div>\n<\/div>\n<button type=\"submit\" class=\"primary-btn1\">\n    <span>\n        Submit Now\n        <svg width=\"10\" height=\"10\" viewbox=\"0 0 10 10\" xmlns=\"http:\/\/www.w3.org\/2000\/svg\">\n            <path d=\"M9.73535 1.14746C9.57033 1.97255 9.32924 3.26406 9.24902 4.66797C9.16817 6.08312 9.25559 7.5453 9.70214 8.73633C9.84754 9.12406 9.65129 9.55659 9.26367 9.70215C8.9001 9.83849 8.4969 9.67455 8.32812 9.33398L8.29785 9.26367L8.19921 8.98438C7.73487 7.5758 7.67054 5.98959 7.75097 4.58203C7.77875 4.09598 7.82525 3.62422 7.87988 3.17969L1.53027 9.53027C1.23738 9.82317 0.762615 9.82317 0.469722 9.53027C0.176829 9.23738 0.176829 8.76262 0.469722 8.46973L6.83593 2.10254C6.3319 2.16472 5.79596 2.21841 5.25 2.24902C3.8302 2.32862 2.2474 2.26906 0.958003 1.79102L0.704097 1.68945L0.635738 1.65527C0.303274 1.47099 0.157578 1.06102 0.310542 0.704102C0.463655 0.347333 0.860941 0.170391 1.22363 0.28418L1.29589 0.310547L1.48828 0.387695C2.47399 0.751207 3.79966 0.827571 5.16601 0.750977C6.60111 0.670504 7.97842 0.428235 8.86132 0.262695L9.95312 0.0585938L9.73535 1.14746Z\"><\/path>\n        <\/svg>\n    <\/span>\n    <span>\n        Submit Now\n        <svg width=\"10\" height=\"10\" viewbox=\"0 0 10 10\" xmlns=\"http:\/\/www.w3.org\/2000\/svg\">\n            <path d=\"M9.73535 1.14746C9.57033 1.97255 9.32924 3.26406 9.24902 4.66797C9.16817 6.08312 9.25559 7.5453 9.70214 8.73633C9.84754 9.12406 9.65129 9.55659 9.26367 9.70215C8.9001 9.83849 8.4969 9.67455 8.32812 9.33398L8.29785 9.26367L8.19921 8.98438C7.73487 7.5758 7.67054 5.98959 7.75097 4.58203C7.77875 4.09598 7.82525 3.62422 7.87988 3.17969L1.53027 9.53027C1.23738 9.82317 0.762615 9.82317 0.469722 9.53027C0.176829 9.23738 0.176829 8.76262 0.469722 8.46973L6.83593 2.10254C6.3319 2.16472 5.79596 2.21841 5.25 2.24902C3.8302 2.32862 2.2474 2.26906 0.958003 1.79102L0.704097 1.68945L0.635738 1.65527C0.303274 1.47099 0.157578 1.06102 0.310542 0.704102C0.463655 0.347333 0.860941 0.170391 1.22363 0.28418L1.29589 0.310547L1.48828 0.387695C2.47399 0.751207 3.79966 0.827571 5.16601 0.750977C6.60111 0.670504 7.97842 0.428235 8.86132 0.262695L9.95312 0.0585938L9.73535 1.14746Z\"><\/path>\n        <\/svg>\n    <\/span>\n<\/button><div class=\"wpcf7-response-output\" aria-hidden=\"true\"><\/div>\n<input type=\"hidden\" name=\"trp-form-language\" value=\"en\"\/><\/form>\n<\/div>\n                    <\/div>\n                <\/div>\n            \n        <\/div>\n\n\t\t\t\t<\/div>\n\t\t\t\t<\/div>\n\t\t\t\t\t<\/div>\n\t\t\t\t<\/div>\n\t\t<div class=\"elementor-element elementor-element-3b7e113 e-con-full e-flex e-con e-parent\" data-id=\"3b7e113\" data-element_type=\"container\" data-e-type=\"container\">\n\t\t\t\t<div class=\"elementor-element elementor-element-c073600 elementor-widget elementor-widget-html\" data-id=\"c073600\" data-element_type=\"widget\" data-e-type=\"widget\" data-widget_type=\"html.default\">\n\t\t\t\t\t<div class=\"contact-map-section\">\n <iframe src=\"https:\/\/www.google.com\/maps\/embed?pb=!1m18!1m12!1m3!1d1037.3530205078725!2d20.269715828374682!3d42.65971472383217!2m3!1f0!2f0!3f0!3m2!1i1024!2i768!4f13.1!3m3!1m2!1s0x1352fdc097e0cba1%3A0x2d9296d8cc0eba51!2sPeja!5e0!3m2!1sde!2sde!4v1773588499716!5m2!1sde!2sde\" width=\"600\" height=\"450\" style=\"border:0;\" allowfullscreen=\"\" loading=\"lazy\" referrerpolicy=\"no-referrer-when-downgrade\"><\/iframe>\n    <\/div>\t\t\t\t<\/div>\n\t\t\t\t<\/div>\n\t\t\t\t<\/div>","protected":false},"excerpt":{"rendered":"<p>Kosov\u00eb Kontakt: + (383)49711009 Rr.Adem Jashari, 30000 Pej\u00eb, Kosov\u00eb Gjermani Kontakt: +49 Office No. 1203, 12th Floor, Bay Tower, Al Abraj Street, Business Bay, Dubai, UAE United Kingdom Contact: +44 20 7946 1234 3rd Floor, 15 Bedford Street Covent Garden, London, WC2E 9HE, UK Na Kontaktoni! Jemi t\u00eb emocionuar t\u00eb d\u00ebgjojm\u00eb nga ju! N\u00ebse keni [&hellip;]<\/p>\n","protected":false},"author":1,"featured_media":0,"parent":0,"menu_order":0,"comment_status":"closed","ping_status":"closed","template":"","meta":{"inline_featured_image":false,"footnotes":""},"class_list":["post-80","page","type-page","status-publish","hentry"],"_links":{"self":[{"href":"https:\/\/turizmi.nrj-peja.al\/en\/wp-json\/wp\/v2\/pages\/80","targetHints":{"allow":["GET"]}}],"collection":[{"href":"https:\/\/turizmi.nrj-peja.al\/en\/wp-json\/wp\/v2\/pages"}],"about":[{"href":"https:\/\/turizmi.nrj-peja.al\/en\/wp-json\/wp\/v2\/types\/page"}],"author":[{"embeddable":true,"href":"https:\/\/turizmi.nrj-peja.al\/en\/wp-json\/wp\/v2\/users\/1"}],"replies":[{"embeddable":true,"href":"https:\/\/turizmi.nrj-peja.al\/en\/wp-json\/wp\/v2\/comments?post=80"}],"version-history":[{"count":16,"href":"https:\/\/turizmi.nrj-peja.al\/en\/wp-json\/wp\/v2\/pages\/80\/revisions"}],"predecessor-version":[{"id":9754,"href":"https:\/\/turizmi.nrj-peja.al\/en\/wp-json\/wp\/v2\/pages\/80\/revisions\/9754"}],"wp:attachment":[{"href":"https:\/\/turizmi.nrj-peja.al\/en\/wp-json\/wp\/v2\/media?parent=80"}],"curies":[{"name":"wp","href":"https:\/\/api.w.org\/{rel}","templated":true}]}}