{"id":84,"date":"2025-09-02T05:50:54","date_gmt":"2025-09-02T05:50:54","guid":{"rendered":"https:\/\/gofly-wp.egenstheme.com\/?page_id=84"},"modified":"2025-09-02T05:50:54","modified_gmt":"2025-09-02T05:50:54","slug":"faq","status":"publish","type":"page","link":"https:\/\/turizmi.nrj-peja.al\/de\/faq\/","title":{"rendered":"FAQ"},"content":{"rendered":"<div data-elementor-type=\"wp-page\" data-elementor-id=\"84\" class=\"elementor elementor-84\">\n\t\t\t\t<div class=\"elementor-element elementor-element-2f9b5e4 e-flex e-con-boxed e-con e-parent\" data-id=\"2f9b5e4\" data-element_type=\"container\" data-e-type=\"container\">\n\t\t\t\t\t<div class=\"e-con-inner\">\n\t\t\t\t<div class=\"elementor-element elementor-element-7a23350 elementor-widget elementor-widget-gofly_faqs\" data-id=\"7a23350\" data-element_type=\"widget\" data-e-type=\"widget\" data-widget_type=\"gofly_faqs.default\">\n\t\t\t\t<div class=\"elementor-widget-container\">\n\t\t\t\t\t\n\n                    <div class=\"faq-page\">\n                <div class=\"mb-50 wow animate fadeInDown\" data-wow-delay=\"200ms\" data-wow-duration=\"1500ms\">\n                    <div class=\"section-title text-center\">\n                                                    <h2>General Questions<\/h2>\n                                                                            <p>Wir haben uns verpflichtet, mehr als nur Produkte anzubieten \u2013 wir bieten au\u00dfergew\u00f6hnliche Erlebnisse.<\/p>\n                                            <\/div>\n                <\/div>\n                <div class=\"faq-wrap\">\n                    <div class=\"accordion accordion-flush\" id=\"accordionFlush69de436b1b87e\">\n                                                    <div class=\"accordion-item wow animate fadeInDown\" data-wow-delay=\"0ms\" data-wow-duration=\"1500ms\">\n                                <h5 class=\"accordion-header\" id=\"flush-heading0\">\n                                    <button class=\"accordion-button\" type=\"button\" data-bs-toggle=\"collapse\" data-bs-target=\"#flush-collapse0\" aria-expanded=\"false\" aria-controls=\"flush-collapse0\">\n                                                                                    Welche Dienstleistungen bietet Ihr Reiseb\u00fcro an?                                                                            <\/button>\n                                <\/h5>\n                                <div id=\"flush-collapse0\" class=\"accordion-collapse collapse show\" aria-labelledby=\"flush-heading0\" data-bs-parent=\"#accordionFlush69de436b1b87e\">\n                                                                            <div class=\"accordion-body\">\n                                            <p>Ein Reiseb\u00fcro bietet in der Regel eine breite Palette an Dienstleistungen f\u00fcr ein reibungsloses und angenehmes Reiseerlebnis. Dazu geh\u00f6ren beispielsweise Hotelbuchungen, Flugbuchungen, Visabeschaffung und individuell gestaltete Reisepakete.<\/p>                                        <\/div>\n                                                                    <\/div>\n                            <\/div>\n                                                    <div class=\"accordion-item wow animate fadeInDown\" data-wow-delay=\"200ms\" data-wow-duration=\"1500ms\">\n                                <h5 class=\"accordion-header\" id=\"flush-heading1\">\n                                    <button class=\"accordion-button collapsed\" type=\"button\" data-bs-toggle=\"collapse\" data-bs-target=\"#flush-collapse1\" aria-expanded=\"false\" aria-controls=\"flush-collapse1\">\n                                                                                    Bieten Sie individuell gestaltete Reisepakete an?                                                                            <\/button>\n                                <\/h5>\n                                <div id=\"flush-collapse1\" class=\"accordion-collapse collapse\" aria-labelledby=\"flush-heading1\" data-bs-parent=\"#accordionFlush69de436b1b87e\">\n                                                                            <div class=\"accordion-body\">\n                                            <p>Absolut! Wir bieten Ihnen individuell zugeschnittene Reisepakete, die Ihren Interessen, Ihrem Budget und Ihrem Zeitplan entsprechen. Ob Solo-Abenteuer, Familienurlaub, romantische Auszeit oder Gruppenreise \u2013 unser Team k\u00fcmmert sich um jedes Detail, um ein ganz pers\u00f6nliches Reiseerlebnis f\u00fcr Sie zu gestalten.<\/p>                                        <\/div>\n                                                                    <\/div>\n                            <\/div>\n                                                    <div class=\"accordion-item wow animate fadeInDown\" data-wow-delay=\"400ms\" data-wow-duration=\"1500ms\">\n                                <h5 class=\"accordion-header\" id=\"flush-heading2\">\n                                    <button class=\"accordion-button collapsed\" type=\"button\" data-bs-toggle=\"collapse\" data-bs-target=\"#flush-collapse2\" aria-expanded=\"false\" aria-controls=\"flush-collapse2\">\n                                                                                    How do I book a tour or vacation package?                                                                            <\/button>\n                                <\/h5>\n                                <div id=\"flush-collapse2\" class=\"accordion-collapse collapse\" aria-labelledby=\"flush-heading2\" data-bs-parent=\"#accordionFlush69de436b1b87e\">\n                                                                            <div class=\"accordion-body\">\n                                            <p>Booking a tour or vacation package is easy! Simply browse our website to explore destinations and packages. Once you've found the perfect option, click \u201cBook Now\u201d and follow the steps to complete your reservation. If you need help, our travel experts are just a call or message away to assist you with the booking process.<\/p>                                        <\/div>\n                                                                    <\/div>\n                            <\/div>\n                                                    <div class=\"accordion-item wow animate fadeInDown\" data-wow-delay=\"600ms\" data-wow-duration=\"1500ms\">\n                                <h5 class=\"accordion-header\" id=\"flush-heading3\">\n                                    <button class=\"accordion-button collapsed\" type=\"button\" data-bs-toggle=\"collapse\" data-bs-target=\"#flush-collapse3\" aria-expanded=\"false\" aria-controls=\"flush-collapse3\">\n                                                                                    Bieten Sie Unterst\u00fctzung bei der Visabeantragung an?                                                                            <\/button>\n                                <\/h5>\n                                <div id=\"flush-collapse3\" class=\"accordion-collapse collapse\" aria-labelledby=\"flush-heading3\" data-bs-parent=\"#accordionFlush69de436b1b87e\">\n                                                                            <div class=\"accordion-body\">\n                                            <p><br \/>Ja, das tun wir! Unser Team bietet Ihnen umfassende Unterst\u00fctzung bei Ihrem Visumantrag, damit dieser reibungslos verl\u00e4uft. Von der Beratung zu den ben\u00f6tigten Dokumenten \u00fcber die Terminvereinbarung bis hin zur Antragsstellung \u2013 wir begleiten Sie auf jedem Schritt Ihres Weges.<\/p>                                        <\/div>\n                                                                    <\/div>\n                            <\/div>\n                                                    <div class=\"accordion-item wow animate fadeInDown\" data-wow-delay=\"800ms\" data-wow-duration=\"1500ms\">\n                                <h5 class=\"accordion-header\" id=\"flush-heading4\">\n                                    <button class=\"accordion-button collapsed\" type=\"button\" data-bs-toggle=\"collapse\" data-bs-target=\"#flush-collapse4\" aria-expanded=\"false\" aria-controls=\"flush-collapse4\">\n                                                                                    Do you provide travel insurance options?                                                                            <\/button>\n                                <\/h5>\n                                <div id=\"flush-collapse4\" class=\"accordion-collapse collapse\" aria-labelledby=\"flush-heading4\" data-bs-parent=\"#accordionFlush69de436b1b87e\">\n                                                                            <div class=\"accordion-body\">\n                                            <p>Yes, we do! We offer travel insurance options to ensure peace of mind during your trip. Our insurance plans cover trip cancellations, medical emergencies, lost luggage, and more. You can choose to add travel insurance during the booking process or contact our team for personalized assistance.<\/p>                                        <\/div>\n                                                                    <\/div>\n                            <\/div>\n                                            <\/div>\n                <\/div>\n            <\/div>\n        \n        \n        \n\t\t\t\t<\/div>\n\t\t\t\t<\/div>\n\t\t\t\t\t<\/div>\n\t\t\t\t<\/div>\n\t\t<div class=\"elementor-element elementor-element-dfbcb20 e-con-full e-flex e-con e-parent\" data-id=\"dfbcb20\" data-element_type=\"container\" data-e-type=\"container\" data-settings=\"{&quot;background_background&quot;:&quot;classic&quot;}\">\n\t\t\t\t<\/div>\n\t\t<div class=\"elementor-element elementor-element-4c876b9 e-flex e-con-boxed e-con e-parent\" data-id=\"4c876b9\" data-element_type=\"container\" data-e-type=\"container\">\n\t\t\t\t\t<div class=\"e-con-inner\">\n\t\t\t\t<div class=\"elementor-element elementor-element-72c960b elementor-widget elementor-widget-gofly_faqs\" data-id=\"72c960b\" data-element_type=\"widget\" data-e-type=\"widget\" data-widget_type=\"gofly_faqs.default\">\n\t\t\t\t<div class=\"elementor-widget-container\">\n\t\t\t\t\t\n\n                    <div class=\"faq-page\">\n                <div class=\"mb-50 wow animate fadeInDown\" data-wow-delay=\"200ms\" data-wow-duration=\"1500ms\">\n                    <div class=\"section-title text-center\">\n                                                    <h2>Visa &amp; Documentation<\/h2>\n                                                                            <p>Wir haben uns verpflichtet, mehr als nur Produkte anzubieten \u2013 wir bieten au\u00dfergew\u00f6hnliche Erlebnisse.<\/p>\n                                            <\/div>\n                <\/div>\n                <div class=\"faq-wrap\">\n                    <div class=\"accordion accordion-flush\" id=\"accordionFlush69de436b1c0f3\">\n                                                    <div class=\"accordion-item wow animate fadeInDown\" data-wow-delay=\"0ms\" data-wow-duration=\"1500ms\">\n                                <h5 class=\"accordion-header\" id=\"flush-heading0\">\n                                    <button class=\"accordion-button\" type=\"button\" data-bs-toggle=\"collapse\" data-bs-target=\"#flush-collapse0\" aria-expanded=\"false\" aria-controls=\"flush-collapse0\">\n                                                                                    Do I need a visa for my destination?                                                                            <\/button>\n                                <\/h5>\n                                <div id=\"flush-collapse0\" class=\"accordion-collapse collapse show\" aria-labelledby=\"flush-heading0\" data-bs-parent=\"#accordionFlush69de436b1c0f3\">\n                                                                            <div class=\"accordion-body\">\n                                            Visa requirements depend on your <span>nationality, destination, purpose, and duration of travel<\/span>. Some countries offer <span>visa-free entry<\/span>, while others require <span>pre-approved visas<\/span> or provide visa-on-arrival.                                        <\/div>\n                                                                    <\/div>\n                            <\/div>\n                                                    <div class=\"accordion-item wow animate fadeInDown\" data-wow-delay=\"200ms\" data-wow-duration=\"1500ms\">\n                                <h5 class=\"accordion-header\" id=\"flush-heading1\">\n                                    <button class=\"accordion-button collapsed\" type=\"button\" data-bs-toggle=\"collapse\" data-bs-target=\"#flush-collapse1\" aria-expanded=\"false\" aria-controls=\"flush-collapse1\">\n                                                                                    What documents are required for visa processing?                                                                            <\/button>\n                                <\/h5>\n                                <div id=\"flush-collapse1\" class=\"accordion-collapse collapse\" aria-labelledby=\"flush-heading1\" data-bs-parent=\"#accordionFlush69de436b1c0f3\">\n                                                                            <div class=\"accordion-body\">\n                                            Required documents may vary by destination, but generally include a <span>valid passport, recent photographs, completed visa application form, travel itinerary, proof of accommodation, financial statements<\/span>, and sometimes a <span>letter of invitation or employment letter<\/span>. We recommend checking with the specific embassy or consulate for the most accurate and updated list.                                        <\/div>\n                                                                    <\/div>\n                            <\/div>\n                                                    <div class=\"accordion-item wow animate fadeInDown\" data-wow-delay=\"400ms\" data-wow-duration=\"1500ms\">\n                                <h5 class=\"accordion-header\" id=\"flush-heading2\">\n                                    <button class=\"accordion-button collapsed\" type=\"button\" data-bs-toggle=\"collapse\" data-bs-target=\"#flush-collapse2\" aria-expanded=\"false\" aria-controls=\"flush-collapse2\">\n                                                                                    How long does visa approval take?                                                                            <\/button>\n                                <\/h5>\n                                <div id=\"flush-collapse2\" class=\"accordion-collapse collapse\" aria-labelledby=\"flush-heading2\" data-bs-parent=\"#accordionFlush69de436b1c0f3\">\n                                                                            <div class=\"accordion-body\">\n                                            Visa processing times can vary greatly depending on the <span>country, type of visa, your nationality, and current application volumes<\/span>. It may take anywhere from a <span>few days to several weeks<\/span>. We recommend applying well in advance and checking the official embassy or consulate website for estimated processing times.                                        <\/div>\n                                                                    <\/div>\n                            <\/div>\n                                                    <div class=\"accordion-item wow animate fadeInDown\" data-wow-delay=\"600ms\" data-wow-duration=\"1500ms\">\n                                <h5 class=\"accordion-header\" id=\"flush-heading3\">\n                                    <button class=\"accordion-button collapsed\" type=\"button\" data-bs-toggle=\"collapse\" data-bs-target=\"#flush-collapse3\" aria-expanded=\"false\" aria-controls=\"flush-collapse3\">\n                                                                                    Can you assist with passport renewals?                                                                            <\/button>\n                                <\/h5>\n                                <div id=\"flush-collapse3\" class=\"accordion-collapse collapse\" aria-labelledby=\"flush-heading3\" data-bs-parent=\"#accordionFlush69de436b1c0f3\">\n                                                                            <div class=\"accordion-body\">\n                                            Yes, we can guide you through the <span>passport renewal process<\/span>. While we don't issue passports ourselves, we provide <span>information, documentation checklists, and support<\/span> to help ensure your application is complete and correctly submitted to the relevant authority.                                        <\/div>\n                                                                    <\/div>\n                            <\/div>\n                                                    <div class=\"accordion-item wow animate fadeInDown\" data-wow-delay=\"800ms\" data-wow-duration=\"1500ms\">\n                                <h5 class=\"accordion-header\" id=\"flush-heading4\">\n                                    <button class=\"accordion-button collapsed\" type=\"button\" data-bs-toggle=\"collapse\" data-bs-target=\"#flush-collapse4\" aria-expanded=\"false\" aria-controls=\"flush-collapse4\">\n                                                                                    What happens if my visa is rejected?                                                                            <\/button>\n                                <\/h5>\n                                <div id=\"flush-collapse4\" class=\"accordion-collapse collapse\" aria-labelledby=\"flush-heading4\" data-bs-parent=\"#accordionFlush69de436b1c0f3\">\n                                                                            <div class=\"accordion-body\">\n                                            If your visa is rejected, we will help you <span>understand the reason for the denial<\/span> and guide you on the <span>next steps<\/span>. This may include correcting documentation, providing additional information, or reapplying. Our team is here to support you through the process.                                        <\/div>\n                                                                    <\/div>\n                            <\/div>\n                                            <\/div>\n                <\/div>\n            <\/div>\n        \n        \n        \n\t\t\t\t<\/div>\n\t\t\t\t<\/div>\n\t\t\t\t\t<\/div>\n\t\t\t\t<\/div>\n\t\t\t\t<\/div>","protected":false},"excerpt":{"rendered":"<p>General Questions We\u2019re committed to offering more than just products\u2014we provide exceptional experiences. What Services Does Your Travel Agency Provide? A travel agency typically provides a wide range of services to ensure a smooth and enjoyable travel experience. As like- Hotel booking, Flight Booking, Visa &amp; Customized Travel Pakcge etc. Do You Offer Customized Travel [&hellip;]<\/p>\n","protected":false},"author":1,"featured_media":0,"parent":0,"menu_order":0,"comment_status":"closed","ping_status":"closed","template":"","meta":{"inline_featured_image":false,"footnotes":""},"class_list":["post-84","page","type-page","status-publish","hentry"],"_links":{"self":[{"href":"https:\/\/turizmi.nrj-peja.al\/de\/wp-json\/wp\/v2\/pages\/84","targetHints":{"allow":["GET"]}}],"collection":[{"href":"https:\/\/turizmi.nrj-peja.al\/de\/wp-json\/wp\/v2\/pages"}],"about":[{"href":"https:\/\/turizmi.nrj-peja.al\/de\/wp-json\/wp\/v2\/types\/page"}],"author":[{"embeddable":true,"href":"https:\/\/turizmi.nrj-peja.al\/de\/wp-json\/wp\/v2\/users\/1"}],"replies":[{"embeddable":true,"href":"https:\/\/turizmi.nrj-peja.al\/de\/wp-json\/wp\/v2\/comments?post=84"}],"version-history":[{"count":0,"href":"https:\/\/turizmi.nrj-peja.al\/de\/wp-json\/wp\/v2\/pages\/84\/revisions"}],"wp:attachment":[{"href":"https:\/\/turizmi.nrj-peja.al\/de\/wp-json\/wp\/v2\/media?parent=84"}],"curies":[{"name":"wp","href":"https:\/\/api.w.org\/{rel}","templated":true}]}}